{"id":93,"date":"2009-08-11T10:51:37","date_gmt":"2009-08-11T09:51:37","guid":{"rendered":"http:\/\/www.breitenfeld-wt.de\/wordpress\/?page_id=93"},"modified":"2024-03-01T15:40:34","modified_gmt":"2024-03-01T15:40:34","slug":"die-geschichte-von-breitenfeld","status":"publish","type":"page","link":"https:\/\/www.breitenfeld-wt.de\/?page_id=93","title":{"rendered":"Geschichte"},"content":{"rendered":"\n<p class=\"has-text-align-center\">oder<\/p>\n\n\n<div class=\"wp-block-image\">\n<figure class=\"aligncenter\"><img loading=\"lazy\" decoding=\"async\" width=\"100\" height=\"124\" src=\"http:\/\/www.breitenfeld-wt.de\/wordpress\/wp-content\/uploads\/2010\/02\/Breitenfeld-Wappenneu.jpg\" alt=\"\" class=\"wp-image-364\"\/><\/figure>\n<\/div>\n\n\n<p class=\"has-text-align-center\">von damals bis heute<\/p>\n\n\n\n<p class=\"has-text-align-left\">Die Ortschaft Breitenfeld liegt 492 m.\u00fc.d.M. am 629 m hohen Brand auf der rechten Uferseite der Steina.<\/p>\n\n\n\n<p>Steinbeilfunde auf der Gemarkung weisen Breitenfeld als eine sehr fr\u00fche Siedlung aus. Bereits in der ersten H\u00e4lfte des 12. Jahrhunderts geh\u00f6rte der Ort zum ausgedehnten Besitz der Freiherren von Krenkingen. Der junge Heinrich von Krenkingen erhielt 1262 vom Bischof zu Konstanz die Stadt Tiengen mit dem Schloss als eine Burg- und Mannslehe. Im gleichen Jahr stiftete er die Pfarrei und die Pfarrpfr\u00fcnde zu Tiengen.<\/p>\n\n\n\n<p class=\"has-text-align-left\">Alle Orte im unteren Steina- und Schl\u00fcchttal z\u00e4hlten im 12. Jahrhundert zum Kirchspiel Tiengen. Eine \u00c4nderung gab es erst, als Oberlauchringen 1622 zur Pfarrei erhoben wurde. Von da an geh\u00f6rte nur noch Breitenfeld, Detzeln und Unterlauchringen zur Pfarrei Tiengen. Breitenfeld wurde zur Filiale und als solche mehrfach zwischen 1360 und 1370 erw\u00e4hnt.<\/p>\n\n\n\n<p class=\"has-text-align-left\">Kaiser Karl IV. gestattete 1361 Johann von Krenkingen-Wei\u00dfenberg, die Feste Gutenburg um 1.400 Mark Silber an Ritter von Blumegg zu versetzen. Die zur Herrschaft Gutenburg geh\u00f6renden D\u00f6rfer Breitenfeld, Detzeln, Horheim, Krenkingen, Schwerzen, Willmendingen und Wut\u00f6schingen, sowie das Fischrecht in der Wutach, Steina und Schl\u00fccht wurde um 1.500 Mark Silber an die Gebr\u00fcder von Hohenfels verkauft. Ritter Dietrich von Rumlang verkaufte im Jahre 1480 mit Zustimmung seiner Gemahlin und seiner Br\u00fcder Ulrich und Heinrich Breitenfeld mit allen Eigenleuten, Gericht, Zwing und Bann an den Abt Christoph von St. Blasien.<\/p>\n\n\n\n<p class=\"has-text-align-left\">In einem Grenzschrieb von 1764 hei\u00dft es, das der herrschaftliche Bann und die Stadtverwaltung von Tiengen an sieben Banne ansto\u00dfe, so an Aichen, Breitenfeld, Gurtweil, Kadelburg und Oberlauchringen.<\/p>\n\n\n\n<p class=\"has-text-align-left\">Der 30. August 1860 war ein hei\u00dfer Sommertag.<br>Das Kind Maria Baschnagel spielte mit anderen Kindern, hatte Streichh\u00f6lzer dabei und machte ein Feuerchen. Die zun\u00e4chst noch kleinen Fl\u00e4mmchen fanden durch das auf dem Boden liegenden Stroh und \u00d6hmd weitere Nahrung. Schnell stand die Scheune Baschnagel in Flammen und dann die Anwesen von M\u00fcller und Blum. Die herbeigeeilten Wehren und Helfer bem\u00fchten sich mit allen Kr\u00e4ften, der Br\u00e4nde Herr zu werden. Doch das Wasser in den Brunnenspeichern war knapp und reichte nicht aus. Auch die Kapelle stand in Flammen. Acht H\u00e4user und drei Scheunen fielen dem Brand zum Opfer. &#8222;&#8230;Auch die Kapelle stand in Flammen. Vom Luftzug bewegt, fingen die beiden Gl\u00f6cklein zu l\u00e4uten an und l\u00e4uteten ihr eigenes Scheidezeichen. Beide Gl\u00f6cklein st\u00fcrzten dann zu Boden, das eine zerbrach, das andere blieb ganz&#8230;&#8220; Auszug aus dem Artikel des S\u00fcdkuriers vom 29. August 2000 zum 140sten Jahrestag. Ein Jahr sp\u00e4ter wurde die kleine, h\u00fcbsche Dorfkapelle neu aufgebaut und dem heiligen Georg geweiht.<\/p>\n\n\n\n<p class=\"has-text-align-left\">1903 hat die Gemeinde das Wappen, welche vom Generallandesarchiv gestaltet wurde, angenommen.<br>Das Wappen ist halbgeteilt und auf der linken Seite gespalten. Vorn oben von Silber und Rot dreimal gespaltet, unten blau, hinten in blau ein steigender Hirsch. Die vordere Schildh\u00e4lfte zeigt das abgewandelte Wappen der alten Krenkinger Linie. Der Hirsch erinnert an die ehemalige Klosterherrschaft.<\/p>\n\n\n\n<p class=\"has-text-align-left\">W\u00e4hrend die Gemeinde Breitenfeld im I. Weltkrieg (1914-18) einen Gefallenen zu verzeichnen hatte, war der Verlust von 11 Gefallenen und 5 vermissten im II. Weltkrieg (1939-45) umso schmerzlicher.<\/p>\n\n\n\n<p class=\"has-text-align-left\">Seit 1946 wurde das Stra\u00dfennetz ausgebaut, 1973 eine  Gemeindeschlachtst\u00e4tte durch die Stadt Tiengen erbaut. Au\u00dferdem wurde die Wasserversorgung mit entsprechender Quellfassung verbessert.<\/p>\n\n\n\n<p class=\"has-text-align-left\">Der Sonntag, 15. November 1970, war f\u00fcr Breitenfeld ein geschichtlicher Tag, der eine neue Epoche einleitete. An diesem Tag wurden die Wahlen zur Eingliederung der Ortschaft Breitenfeld nach dem Ortschaftsgesetz an die Stadt Tiengen durchgef\u00fchrt. Von 84 Wahlberechtigten gingen 78 zur Urne, 72 stimmten f\u00fcr den Zusammenschluss. Im Anschluss wurden die Vereinbarungsvertr\u00e4ge, die Zusatzvertr\u00e4ge und die Hauptsatzung unterzeichnet. Somit ist Breitenfeld seit dem 01.01.1971 Stadtteil von Tiengen.<\/p>\n\n\n\n<p class=\"has-text-align-left\">Seit 1933 ist der Landgasthof Hirschen im Besitz der Familie Kn\u00f6pfle. Am 09. Juni 1933 haben Emanuel und Paula den Landgasthof Hirschen k\u00e4uflich erworben. 1950 entschloss man sich zum ersten Umbau, dabei entstanden die ersten Fremdenzimmer. Am 01. Januar 1966 wurde die Land- und Gastwirtschaft an Sohn Lothar und Schwiegertochter C\u00e4cilia \u00fcbergeben.<br>Mit der zuletzt aufw\u00e4ndigen Neugestaltung der Au\u00dfenfassade, sowie der sanit\u00e4ren Anlagen im Jahr 1998 zeigt sich der Landgasthof Hirschen nun in einem zeitgerechten Erscheinungsbild.<\/p>\n\n\n\n<p class=\"has-text-align-left\">Breitenfeld besa\u00df eine selbst\u00e4ndige Freiwillige Feuerwehr mit Altersabteilung. Jedes Jahr im Herbst fand eine Feuerwehrabschlussprobe zusammen mit einer Abordnung der Tiengener Feuerwehr statt. Die Abteilung der Freiwilligen Feuerwehr Breitenfeld l\u00f6ste sich im Januar 2011 selbst auf. In Brandf\u00e4llen auf Breitenfelder Gemarkung kommt die Freiwillige Feuerwehr Tiengen jetzt zum Einsatz. Der stellvertretende Feuerwehrkommandant und Abteilungskommandant der Einsatzabteilung der Freiwilligen Feuerwehr Tiengen ist Christian Hoch aus Breitenfeld.<\/p>\n\n\n\n<p class=\"has-text-align-left\">Zwei Vereine halten den Zusammenhalt und das Dorfleben Breitenfelds hoch. Der Verein der Freien Landfrauen Breitenfeld, gegr\u00fcndet 1995 mit derzeit 24 Mitglieder und der 2023 gegr\u00fcndete Dorfverein Breitenfeld e.V..<\/p>\n\n\n\n<p class=\"has-text-align-left\">Das alte Umspannwerk im Tal zwischen Breitenfeld und den Rehhaldenh\u00f6fen wurde 2000\/2001 umgebaut. Dort hat nun das Tierheim Steinatal seinen Sitz, welches sich um ausgesetzte und abgegebene Tiere k\u00fcmmert und diese vermittelt.<\/p>\n\n\n\n<p class=\"has-text-align-left\">Die Breitenfelder Edelobstbrennerei zum Hohen Brand, welche vom ehemaligen B\u00fcrgermeister von Weilheim Hans-J\u00fcrgen Gantert und seiner Familie von 1998 gef\u00fchrt wurde, hat sich 2020 aufgel\u00f6st zu Gunsten des heute ans\u00e4ssigen Schwarzwaldladens.<\/p>\n\n\n\n<p class=\"has-text-align-left\">2006 wurde ein neuer Spielplatz zentral in der Ortsmitte hinter dem Rathaus gebaut, welcher 2024\/2025 erneuert werden soll. Im Fr\u00fchling 2007 wurde im Birkenfeld ein Bolzplatz errichtet, der nicht nur bei sch\u00f6nem Wetter von vielen jungen und \u00e4lteren Kickern genutzt wird.<\/p>\n\n\n\n<p class=\"has-text-align-left\">Tradition hat die stets gut besuchte Serenade der Stadtmusik Tiengen vor den Sommerferien auf dem Dorfplatz.<\/p>\n\n\n\n<p>Breitenfeld ist ein beliebter Ort f\u00fcr Pferdebesitzer, drei Reiterh\u00f6fe gibt es in und um das Dorf. Der Reiterhof &#8222;Wide Field Ranch&#8220; im Dorf, erg\u00e4nzt durch den im Fr\u00fchling 2006 errichteten und derzeit aufwendig sanierten Reiterhof &#8222;Zentrum Pferdepunkt&#8220; und der Reiterhof auf dem  Hasenhof. <\/p>\n\n\n\n<p class=\"has-text-align-left\">J\u00e4hrlich am B\u00e4chtelestag (2. Januar), findet am Morgen eine B\u00fcrgerversammlung mit dem Oberb\u00fcrgermeister von Waldshut-Tiengen oder einem Vertreter im Landgasthof Hirschen statt. Am Abend des selben Tages findet das traditionelle Reh-Essen f\u00fcr die Einwohner Breitenfelds statt, mit in den heimischen W\u00e4ldern geschossenen Rehen.<\/p>\n\n\n\n<p class=\"has-text-align-left\">Von der heutigen Gemarkungsfl\u00e4che von etwa 300 ha, werden 93 ha forstwirtschaftlich und 207 ha als landwirtschaftliche Fl\u00e4che genutzt. Der Biohof Ebner ist in Breitenfeld seit 1895 in 5. Generation ans\u00e4ssig.<\/p>\n\n\n\n<p class=\"has-text-align-left\">Breitenfeld besitzt drei Brunnen, wovon zwei vom Leitungswasser und einer mit Quellwasser gespeist wird.<\/p>\n\n\n\n<p class=\"has-text-align-left\">Die Kindergartenkinder von Breitenfeld gehen von Montags bis Freitag in den Kindergarten nach Detzeln. Eine Schule besitzt Breitenfeld nicht mehr. Fr\u00fcher war im Rathaus die Dorfschule untergebracht, diese wurde bereits vor einigen Jahren geschlossen, so dass alle Schulkinder nach Tiengen oder Waldshut gehen.<\/p>\n\n\n\n<p class=\"has-text-align-left\">Am Fastnachtsmontag findet ein Fasnachtsumzug mit den Dorfbewohnern statt. Eine Tag sp\u00e4ter sind erfreut die Breitenfelder Kinderfastnacht im Gemeinderaum und am darauffolgenden Samstag wird hoch \u00fcber Breitenfeld das Fastnachtsfeuer entz\u00fcndet.<\/p>\n\n\n\n<p class=\"has-text-align-left\">Seit 2011 gibt es in Breitenfeld jeden Herbst die Obstbaumpflanzaktion. Sie dient dazu den Bestand an Obstb\u00e4umen zu sichern. Breitenfelder B\u00fcrger k\u00f6nnen sich Obstb\u00e4ume aussuchen und pflanzen. Jedes Jahr werden 25 bis 35 B\u00e4ume gepflanzt, bislang sind es \u00fcber 400. Im Jahr 2023 wurde 26 neue Obstb\u00e4ume gesetzt und es geht weiter.<\/p>\n\n\n\n<p class=\"has-text-align-left\">Aktuelle Einwohnerstatistik: <\/p>\n\n\n\n<figure class=\"wp-block-image size-large\"><a href=\"http:\/\/www.breitenfeld-wt.de\/wordpress\/wp-content\/uploads\/2024\/01\/Einwohnerzahl_2023.png\"><img loading=\"lazy\" decoding=\"async\" width=\"1024\" height=\"501\" src=\"http:\/\/www.breitenfeld-wt.de\/wordpress\/wp-content\/uploads\/2024\/01\/Einwohnerzahl_2023-1024x501.png\" alt=\"\" class=\"wp-image-2317\" srcset=\"https:\/\/www.breitenfeld-wt.de\/wordpress\/wp-content\/uploads\/2024\/01\/Einwohnerzahl_2023-1024x501.png 1024w, https:\/\/www.breitenfeld-wt.de\/wordpress\/wp-content\/uploads\/2024\/01\/Einwohnerzahl_2023-300x147.png 300w, https:\/\/www.breitenfeld-wt.de\/wordpress\/wp-content\/uploads\/2024\/01\/Einwohnerzahl_2023-768x376.png 768w, https:\/\/www.breitenfeld-wt.de\/wordpress\/wp-content\/uploads\/2024\/01\/Einwohnerzahl_2023-1536x752.png 1536w, https:\/\/www.breitenfeld-wt.de\/wordpress\/wp-content\/uploads\/2024\/01\/Einwohnerzahl_2023-900x440.png 900w, https:\/\/www.breitenfeld-wt.de\/wordpress\/wp-content\/uploads\/2024\/01\/Einwohnerzahl_2023-1280x626.png 1280w, https:\/\/www.breitenfeld-wt.de\/wordpress\/wp-content\/uploads\/2024\/01\/Einwohnerzahl_2023.png 2029w\" sizes=\"auto, (max-width: 1024px) 100vw, 1024px\" \/><\/a><\/figure>\n\n\n\n<p class=\"has-text-align-left\">Stand: Januar 2024<\/p>\n","protected":false},"excerpt":{"rendered":"<p>oder von damals bis heute Die Ortschaft Breitenfeld liegt 492 m.\u00fc.d.M. am 629 m hohen Brand auf der rechten Uferseite der Steina. Steinbeilfunde auf der Gemarkung weisen Breitenfeld als eine sehr fr\u00fche Siedlung aus. Bereits in der ersten H\u00e4lfte des 12. Jahrhunderts geh\u00f6rte der Ort zum ausgedehnten Besitz der Freiherren von Krenkingen. Der junge Heinrich [&hellip;]<\/p>\n","protected":false},"author":1,"featured_media":0,"parent":1954,"menu_order":1,"comment_status":"closed","ping_status":"closed","template":"","meta":{"ngg_post_thumbnail":0,"footnotes":""},"class_list":["post-93","page","type-page","status-publish","hentry"],"aioseo_notices":[],"_links":{"self":[{"href":"https:\/\/www.breitenfeld-wt.de\/index.php?rest_route=\/wp\/v2\/pages\/93","targetHints":{"allow":["GET"]}}],"collection":[{"href":"https:\/\/www.breitenfeld-wt.de\/index.php?rest_route=\/wp\/v2\/pages"}],"about":[{"href":"https:\/\/www.breitenfeld-wt.de\/index.php?rest_route=\/wp\/v2\/types\/page"}],"author":[{"embeddable":true,"href":"https:\/\/www.breitenfeld-wt.de\/index.php?rest_route=\/wp\/v2\/users\/1"}],"replies":[{"embeddable":true,"href":"https:\/\/www.breitenfeld-wt.de\/index.php?rest_route=%2Fwp%2Fv2%2Fcomments&post=93"}],"version-history":[{"count":19,"href":"https:\/\/www.breitenfeld-wt.de\/index.php?rest_route=\/wp\/v2\/pages\/93\/revisions"}],"predecessor-version":[{"id":2373,"href":"https:\/\/www.breitenfeld-wt.de\/index.php?rest_route=\/wp\/v2\/pages\/93\/revisions\/2373"}],"up":[{"embeddable":true,"href":"https:\/\/www.breitenfeld-wt.de\/index.php?rest_route=\/wp\/v2\/pages\/1954"}],"wp:attachment":[{"href":"https:\/\/www.breitenfeld-wt.de\/index.php?rest_route=%2Fwp%2Fv2%2Fmedia&parent=93"}],"curies":[{"name":"wp","href":"https:\/\/api.w.org\/{rel}","templated":true}]}}