{"id":318,"date":"2009-12-27T21:57:32","date_gmt":"2009-12-27T20:57:32","guid":{"rendered":"http:\/\/www.breitenfeld-wt.de\/wordpress\/?page_id=318"},"modified":"2013-03-14T21:21:40","modified_gmt":"2013-03-14T21:21:40","slug":"chronik-des-hasenhof","status":"publish","type":"page","link":"https:\/\/www.breitenfeld-wt.de\/?page_id=318","title":{"rendered":"Chronik des Hasenhof"},"content":{"rendered":"<p><strong>1844 &#8211; 1900<\/strong><br \/>\nIm Besitz der f\u00fcrstlichen Landesherrschaft von F\u00fcrstenberg 200 ha<br \/>\nP\u00e4chter Fam. Roth und Fam. Gl\u00fcck<\/p>\n<p><strong>1901 &#8211; 1902<\/strong><br \/>\ndie Gemeinde Breitenfeld<\/p>\n<p><strong>04.03.1902 &#8211; August 1906<\/strong><br \/>\nHermann Fritz von Tiengen<\/p>\n<p><strong>September 1906 &#8211; Juni 1912<br \/>\n<\/strong>Christian Lohrer aus Freiburg<\/p>\n<p><strong>Juni 1912 &#8211; Juli 1914<\/strong><br \/>\nFranz Keller und Ehefrau Maria geb. Schwarz aus der Schweiz<\/p>\n<p><strong>Juli 1914 &#8211; M\u00e4rz 1919<\/strong><br \/>\nRudolf Parrisius<\/p>\n<p><strong>08.03.1919 &#8211; 19.03.1926<\/strong><br \/>\nErich von Kirchbach und Beate geb. von Brentzen<br \/>\nVerwalter Erich von Pappen<\/p>\n<p><strong>20.03.1926 &#8211; Juni 1949<\/strong><br \/>\nFam. Walter Rust<\/p>\n<p><strong>von 1926 &#8211; 1928<br \/>\n<\/strong>in Selbstbewirtschaftung<\/p>\n<p><strong>P\u00e4chter:<\/strong><br \/>\n<strong>1928 &#8211; 1931 <\/strong>Osiander<br \/>\n<strong>1932 &#8211; 1942 <\/strong>Eugen Rudolph<br \/>\n<strong>1942 &#8211; 01.02.1949 <\/strong>Heinrich Fehr<br \/>\n<strong>01.02.1949 &#8211; 17.06.1949 <\/strong>Selbstbewirtschaftung<\/p>\n<p><strong>18.06.1949 <\/strong>Spitalfond Waldshut<\/p>\n<p><strong>Verwalter:<\/strong><br \/>\n<strong>bis 1956:<\/strong> Herr Tuttlinger<br \/>\n<strong>bis 1972:<\/strong> Herr Leo Martin<\/p>\n<p><strong>01.03.1972 &#8211; 31.08.2008<\/strong> Ernst und Trude Landes<br \/>\n<strong>seit 01.09.2008<\/strong> Kai-Uwe Zeitz<\/p>\n","protected":false},"excerpt":{"rendered":"<p>1844 &#8211; 1900 Im Besitz der f\u00fcrstlichen Landesherrschaft von F\u00fcrstenberg 200 ha P\u00e4chter Fam. Roth und Fam. Gl\u00fcck 1901 &#8211; 1902 die Gemeinde Breitenfeld 04.03.1902 &#8211; August 1906 Hermann Fritz von Tiengen September 1906 &#8211; Juni 1912 Christian Lohrer aus Freiburg Juni 1912 &#8211; Juli 1914 Franz Keller und Ehefrau Maria geb. Schwarz aus der [&hellip;]<\/p>\n","protected":false},"author":1,"featured_media":0,"parent":197,"menu_order":6,"comment_status":"closed","ping_status":"closed","template":"","meta":{"ngg_post_thumbnail":0,"footnotes":""},"class_list":["post-318","page","type-page","status-publish","hentry"],"aioseo_notices":[],"_links":{"self":[{"href":"https:\/\/www.breitenfeld-wt.de\/index.php?rest_route=\/wp\/v2\/pages\/318","targetHints":{"allow":["GET"]}}],"collection":[{"href":"https:\/\/www.breitenfeld-wt.de\/index.php?rest_route=\/wp\/v2\/pages"}],"about":[{"href":"https:\/\/www.breitenfeld-wt.de\/index.php?rest_route=\/wp\/v2\/types\/page"}],"author":[{"embeddable":true,"href":"https:\/\/www.breitenfeld-wt.de\/index.php?rest_route=\/wp\/v2\/users\/1"}],"replies":[{"embeddable":true,"href":"https:\/\/www.breitenfeld-wt.de\/index.php?rest_route=%2Fwp%2Fv2%2Fcomments&post=318"}],"version-history":[{"count":2,"href":"https:\/\/www.breitenfeld-wt.de\/index.php?rest_route=\/wp\/v2\/pages\/318\/revisions"}],"predecessor-version":[{"id":862,"href":"https:\/\/www.breitenfeld-wt.de\/index.php?rest_route=\/wp\/v2\/pages\/318\/revisions\/862"}],"up":[{"embeddable":true,"href":"https:\/\/www.breitenfeld-wt.de\/index.php?rest_route=\/wp\/v2\/pages\/197"}],"wp:attachment":[{"href":"https:\/\/www.breitenfeld-wt.de\/index.php?rest_route=%2Fwp%2Fv2%2Fmedia&parent=318"}],"curies":[{"name":"wp","href":"https:\/\/api.w.org\/{rel}","templated":true}]}}