{"id":299,"date":"2009-12-27T20:29:00","date_gmt":"2009-12-27T19:29:00","guid":{"rendered":"http:\/\/www.breitenfeld-wt.de\/wordpress\/?page_id=299"},"modified":"2024-01-05T15:51:30","modified_gmt":"2024-01-05T15:51:30","slug":"impressum","status":"publish","type":"page","link":"https:\/\/www.breitenfeld-wt.de\/?page_id=299","title":{"rendered":"Impressum"},"content":{"rendered":"<p><strong>Herausgeber:<\/strong><\/p>\n<p>Stadtverwaltung Waldshut-Tiengen<br \/>\nOrtschaftsverwaltung Breitenfeld<br \/>\nKaiserstra\u00dfe 28-32<br \/>\n79761 Waldshut-Tiengen<\/p>\n<p><strong>verantwortlich f\u00fcr den Inhalt:<\/strong><\/p>\n<p>OB Martin Gruner<br \/>\nStadtverwaltung Waldshut-Tiengen<br \/>\nKaiserstra\u00dfe 28-32<br \/>\n79761 Waldshut-Tiengen<\/p>\n<p><strong><br \/>\nRechtliche Hinweise<\/strong><\/p>\n<p>Die Stadt Waldshut-Tiengen Ortschaftsverwaltung&nbsp;Breitenfeld ist durch t\u00e4gliche Aktualisierung bem\u00fcht, f\u00fcr die Richtigkeit und Aktualit\u00e4t aller auf ihrer Homepage enthaltenen Informationen und Daten zu sorgen. Alle Angaben sind ohne Gew\u00e4hr. F\u00fcr Sch\u00e4den die sich aus der Benutzung der Homepage ergeben wird keine Haftung \u00fcbernommen.<\/p>\n<p><strong>Haftungsfreizeichnungsklausel<\/strong><\/p>\n<p>Die auf den gelinkten Seiten wiedergegebenen Meinungs\u00e4u\u00dferungen und\/oder Tatsachenbehauptungen liegen in der alleinigen Verantwortung des\/der jeweiligen Autors\/Autorin und spiegeln nicht die Meinung der Stadt Waldshut-Tiengen OV Breitenfeld wieder.<\/p>\n<p>Umsatzsteuer &#8211; ID der Stadt Waldshut-Tiengen: 2000100959<\/p>\n<p><strong>Redaktion:<\/strong><\/p>\n<p>Doris Kaiser-Klormann<br \/>\nSamira Putze<\/p>\n<p><strong>Grafische Konzeption und Programmierung:<\/strong><\/p>\n<p>Doris Kaiser-Klormann<br \/>\nSamira Putze<\/p>\n<p><strong>Fotografien:<\/strong><\/p>\n<p style=\"text-align: left;\">Luftbild: Herr Wiesmann und Samira Putze<br \/>\nDoris Kaiser-Klormann<br \/>\nMarkus J\u00e4ger<br \/>\nNancy Sharpe<\/p>\n<p style=\"text-align: left;\"><!--                                                           - --><!--                                                           - --><!--                                                           - --><\/p>\n","protected":false},"excerpt":{"rendered":"<p>Herausgeber: Stadtverwaltung Waldshut-Tiengen Ortschaftsverwaltung Breitenfeld Kaiserstra\u00dfe 28-32 79761 Waldshut-Tiengen verantwortlich f\u00fcr den Inhalt: OB Martin Gruner Stadtverwaltung Waldshut-Tiengen Kaiserstra\u00dfe 28-32 79761 Waldshut-Tiengen Rechtliche Hinweise Die Stadt Waldshut-Tiengen Ortschaftsverwaltung&nbsp;Breitenfeld ist durch t\u00e4gliche Aktualisierung bem\u00fcht, f\u00fcr die Richtigkeit und Aktualit\u00e4t aller auf ihrer Homepage enthaltenen Informationen und Daten zu sorgen. Alle Angaben sind ohne Gew\u00e4hr. F\u00fcr Sch\u00e4den [&hellip;]<\/p>\n","protected":false},"author":1,"featured_media":0,"parent":1977,"menu_order":4,"comment_status":"closed","ping_status":"closed","template":"","meta":{"ngg_post_thumbnail":0,"footnotes":""},"class_list":["post-299","page","type-page","status-publish","hentry"],"aioseo_notices":[],"_links":{"self":[{"href":"https:\/\/www.breitenfeld-wt.de\/index.php?rest_route=\/wp\/v2\/pages\/299","targetHints":{"allow":["GET"]}}],"collection":[{"href":"https:\/\/www.breitenfeld-wt.de\/index.php?rest_route=\/wp\/v2\/pages"}],"about":[{"href":"https:\/\/www.breitenfeld-wt.de\/index.php?rest_route=\/wp\/v2\/types\/page"}],"author":[{"embeddable":true,"href":"https:\/\/www.breitenfeld-wt.de\/index.php?rest_route=\/wp\/v2\/users\/1"}],"replies":[{"embeddable":true,"href":"https:\/\/www.breitenfeld-wt.de\/index.php?rest_route=%2Fwp%2Fv2%2Fcomments&post=299"}],"version-history":[{"count":5,"href":"https:\/\/www.breitenfeld-wt.de\/index.php?rest_route=\/wp\/v2\/pages\/299\/revisions"}],"predecessor-version":[{"id":2344,"href":"https:\/\/www.breitenfeld-wt.de\/index.php?rest_route=\/wp\/v2\/pages\/299\/revisions\/2344"}],"up":[{"embeddable":true,"href":"https:\/\/www.breitenfeld-wt.de\/index.php?rest_route=\/wp\/v2\/pages\/1977"}],"wp:attachment":[{"href":"https:\/\/www.breitenfeld-wt.de\/index.php?rest_route=%2Fwp%2Fv2%2Fmedia&parent=299"}],"curies":[{"name":"wp","href":"https:\/\/api.w.org\/{rel}","templated":true}]}}