{"id":260,"date":"2009-12-21T19:47:48","date_gmt":"2009-12-21T18:47:48","guid":{"rendered":"http:\/\/www.breitenfeld-wt.de\/wordpress\/?page_id=260"},"modified":"2024-01-05T15:48:30","modified_gmt":"2024-01-05T15:48:30","slug":"anfahrt","status":"publish","type":"page","link":"https:\/\/www.breitenfeld-wt.de\/?page_id=260","title":{"rendered":"Anfahrt"},"content":{"rendered":"<p><iframe loading=\"lazy\" style=\"border: 0;\" src=\"https:\/\/www.google.com\/maps\/embed?pb=!1m23!1m12!1m3!1d10749.912509189699!2d8.301509275468685!3d47.65570734271261!2m3!1f0!2f0!3f0!3m2!1i1024!2i768!4f13.1!4m8!3e0!4m0!4m5!1s0x4790665d787bfc65%3A0xa1f6bba4dd66fc0!2sBreitenfeld%2C%2079761%20Waldshut-Tiengen!3m2!1d47.655693899999996!2d8.311809!5e0!3m2!1sde!2sde!4v1699792446816!5m2!1sde!2sde\" width=\"600\" height=\"450\" allowfullscreen=\"allowfullscreen\"><\/iframe><\/p>\n\n\n<p>Oder mit dem Bus:<\/p>\n\n\n\n<p><a href=\"https:\/\/www.bwegt.de\/land-und-leute\/das-land-erleben\/ausflugsziele\/detail\/treffpunkt-waldshut-tiengen\/dorfmitte-in-breitenfeld\/4a6f9cc7-f7da-430e-a972-fbd916e99f68\">Dorfmitte in Breitenfeld \/ bwegt &#8211; Mobilit\u00e4t f\u00fcr Baden-W\u00fcrttemberg<\/a><\/p>\n","protected":false},"excerpt":{"rendered":"<p>Oder mit dem Bus: Dorfmitte in Breitenfeld \/ bwegt &#8211; Mobilit\u00e4t f\u00fcr Baden-W\u00fcrttemberg<\/p>\n","protected":false},"author":1,"featured_media":0,"parent":1977,"menu_order":1,"comment_status":"closed","ping_status":"closed","template":"","meta":{"ngg_post_thumbnail":0,"footnotes":""},"class_list":["post-260","page","type-page","status-publish","hentry"],"aioseo_notices":[],"_links":{"self":[{"href":"https:\/\/www.breitenfeld-wt.de\/index.php?rest_route=\/wp\/v2\/pages\/260","targetHints":{"allow":["GET"]}}],"collection":[{"href":"https:\/\/www.breitenfeld-wt.de\/index.php?rest_route=\/wp\/v2\/pages"}],"about":[{"href":"https:\/\/www.breitenfeld-wt.de\/index.php?rest_route=\/wp\/v2\/types\/page"}],"author":[{"embeddable":true,"href":"https:\/\/www.breitenfeld-wt.de\/index.php?rest_route=\/wp\/v2\/users\/1"}],"replies":[{"embeddable":true,"href":"https:\/\/www.breitenfeld-wt.de\/index.php?rest_route=%2Fwp%2Fv2%2Fcomments&post=260"}],"version-history":[{"count":5,"href":"https:\/\/www.breitenfeld-wt.de\/index.php?rest_route=\/wp\/v2\/pages\/260\/revisions"}],"predecessor-version":[{"id":2343,"href":"https:\/\/www.breitenfeld-wt.de\/index.php?rest_route=\/wp\/v2\/pages\/260\/revisions\/2343"}],"up":[{"embeddable":true,"href":"https:\/\/www.breitenfeld-wt.de\/index.php?rest_route=\/wp\/v2\/pages\/1977"}],"wp:attachment":[{"href":"https:\/\/www.breitenfeld-wt.de\/index.php?rest_route=%2Fwp%2Fv2%2Fmedia&parent=260"}],"curies":[{"name":"wp","href":"https:\/\/api.w.org\/{rel}","templated":true}]}}