{"id":197,"date":"2009-12-21T12:24:02","date_gmt":"2009-12-21T11:24:02","guid":{"rendered":"http:\/\/www.breitenfeld-wt.de\/wordpress\/?page_id=197"},"modified":"2024-01-05T15:18:29","modified_gmt":"2024-01-05T15:18:29","slug":"der-hasenhof","status":"publish","type":"page","link":"https:\/\/www.breitenfeld-wt.de\/?page_id=197","title":{"rendered":"Der Hasenhof"},"content":{"rendered":"<h5 style=\"text-align: left;\">Die Geschichte des Hasenhofes von 1453 bis zu Trude und Ernst Landes<\/h5>\n<p>Eingebettet in die Felder liegt der Hasenhof in der N\u00e4he von Breitenfeld.<br \/>\nSeit dem 15. Jahrhundert bewirtschafteten wechselnde Eigent\u00fcmer und P\u00e4chter das Anwesen.<\/p>\n<p>Der Hasenhof hat eine Gesamtfl\u00e4che von 100 ha, um diese gem\u00e4chlich zu umrunden, ben\u00f6tigt man eine knappe dreiviertel Stunde. Neben dem Wohnhaus mit Nebengeb\u00e4uden, besitzt der Hasenhof einen kleinen Familienfriedhof und einen Teich. Bis der Hasenhof zu dem geworden ist, was er heute ist brauchte es jahrzehntelange harte Arbeit.<\/p>\n<p>Der Hasenhof, wurde zum ersten mal 1453 urkundlich erw\u00e4hnt. Damals geh\u00f6rte der Besitz Hans Tromer vom Kaiserstuhl. 1461 wurde der Hasenhof zusammen mit der Ziegelh\u00fctte und dem Reutehof an die Stadt Tiengen \u00fcberschrieben. Diese zahlte daf\u00fcr 150 Gulden. Schon im Jahre 1512 verkaufte die Stadt das Anwesen Hasenhof an die zwei Gebr\u00fcder Utz aus Breitenfeld. Die Stadt ben\u00f6tigte das Geld dringend zum Wiederaufbau nach der Zerst\u00f6rung.<\/p>\n<p>Nachdem die Grafen von Sulz 1482 bereits die Herrschaft von Tiengen von Konstanz erworben hatten, m\u00fcssten Sie bald darauf den Hasenhof von den Gebr\u00fcder Utz gekauft haben. Die Sulzer und anschlie\u00dfend die F\u00fcrsten von Schwarzenberg, gaben das Anwesen in Erbpacht an den sogenannten Hasenhof-Meier.<\/p>\n<p>Der erste war Melchior Niesser aus Unterlauchringen. Die Familie bewirtschaftete den Hof von 1530 bis 1620. Danach herrschte das Geschlecht der Griesser aus Maier von 1659 bis 1825 auf dem Hasenhof.<\/p>\n<p>Die Folgen des Wechsels des Besitzes und der Macht, sowie der Krieg machten auch vor dem Hasenhof keinen Halt. So wurde der Hasenhof w\u00e4hrend des Bauernkrieges ausgepl\u00fcndert und 1634 im drei\u00dfigj\u00e4hrigen Krieg von den Schweden niedergebrannt. 1799 hinterlie\u00dfen die Franzosen nach einer Pl\u00fcnderung schweren Schaden.<\/p>\n<p>Von 1844 bis 1900 war der Hof im Besitz der f\u00fcrstlichen Standesherrschaft F\u00fcrstenberg. Vom 1901 bis 1902 war die Gemeinde Breitenfeld Eigent\u00fcmerin. In den darauf folgenden Jahren wechselten die P\u00e4chter sehr schnell. Von 1919 bis 1926 war die Familie Erich von Kirchbach die Eigent\u00fcmer des Hasenhofs. An Sie erinnert der kleine Familienfriedhof am Waldrand. Dort fand ein Mitarbeiter und ein Sohn der Familie von Kirchenbach&nbsp;die letzte Ruhe. Eine Gedenktafel erinnert an einen Vater und seinen Sohn, die im zweiten Weltkrieg als Generalmajor und Major gefallen sind.<\/p>\n<p>Ein Schicksalsschlag in der Geschichte des Hasenhofs war der Brand am 31. August 1947. Bei diesem kam das ganze Vieh und die Pferde um. Auch die gesamten Erntevorr\u00e4te, dazu Stallungen und Wirtschaftsgeb\u00e4ude gingen in Flammen auf.<\/p>\n<p>Am 18.Juni 1949 kaufte der Spitalfonds Waldshut den Hof und setzte einen Verwalter ein. Auf dem Hof widmete man sich dem Obst und Gem\u00fcsebau, aber es wurde auchVieh gez\u00fcchtet. Damit war die Versorgung des Spitals gesichert.<\/p>\n<p>Als Trude und Ernst Landes vor \u00fcber 36 Jahren am 1. M\u00e4rz 1972 den Hof \u00fcbernahmen, hatten Sie mit tonigen Lehmb\u00f6den zu k\u00e4mpfen, erst 10 bis 12 Jahre sp\u00e4ter konnte der Boden gut bewirtschaftet werden.<\/p>\n<p>Als Anfang der 80er, das Bauernsterben begann, mussten auch die Familie Landes Neuland betreten. So bewarben Sie sich 1986 beim Landkreis Waldshut f\u00fcr die Verwertung der Gr\u00fcnabf\u00e4lle. Der Hasenhof wurde dann als Nebenerwerbsbetrieb gef\u00fchrt.<\/p>\n<p>Zum 1. September 2008 wurde der Hof an Kai-Uwe Zeitz verpachtet, der diesen im landwirtschaftlichen Sinn mit Pflanzenanbau weiterf\u00fchren wird. Trude und Ernst Landes wohnen weiterhin in Ihrem gro\u00dfen Haus auf dem Hasenhof. &#8222;Jetzt ist es Zeit, die Arbeit anderen zu \u00fcberlassen&#8220;, sagte Trude Landes. F\u00fcr Sie und Ihren Mann hat ein neuer Lebensabschnitt begonnen, f\u00fcr den Hasenhof ein weiteres Kapitel in seiner langen Geschichte.<\/p>\n<p>Zusammenfassung aus dem Artikel &#8222;zwei Pioniere auf schwierigem Terrain&#8220; von Uthe Martin, erschienen am 11.April 2009 im S\u00fcdkurier.<\/p>\n","protected":false},"excerpt":{"rendered":"<p>Die Geschichte des Hasenhofes von 1453 bis zu Trude und Ernst Landes Eingebettet in die Felder liegt der Hasenhof in der N\u00e4he von Breitenfeld. Seit dem 15. Jahrhundert bewirtschafteten wechselnde Eigent\u00fcmer und P\u00e4chter das Anwesen. Der Hasenhof hat eine Gesamtfl\u00e4che von 100 ha, um diese gem\u00e4chlich zu umrunden, ben\u00f6tigt man eine knappe dreiviertel Stunde. Neben [&hellip;]<\/p>\n","protected":false},"author":1,"featured_media":0,"parent":101,"menu_order":5,"comment_status":"closed","ping_status":"closed","template":"","meta":{"ngg_post_thumbnail":0,"footnotes":""},"class_list":["post-197","page","type-page","status-publish","hentry"],"aioseo_notices":[],"_links":{"self":[{"href":"https:\/\/www.breitenfeld-wt.de\/index.php?rest_route=\/wp\/v2\/pages\/197","targetHints":{"allow":["GET"]}}],"collection":[{"href":"https:\/\/www.breitenfeld-wt.de\/index.php?rest_route=\/wp\/v2\/pages"}],"about":[{"href":"https:\/\/www.breitenfeld-wt.de\/index.php?rest_route=\/wp\/v2\/types\/page"}],"author":[{"embeddable":true,"href":"https:\/\/www.breitenfeld-wt.de\/index.php?rest_route=\/wp\/v2\/users\/1"}],"replies":[{"embeddable":true,"href":"https:\/\/www.breitenfeld-wt.de\/index.php?rest_route=%2Fwp%2Fv2%2Fcomments&post=197"}],"version-history":[{"count":5,"href":"https:\/\/www.breitenfeld-wt.de\/index.php?rest_route=\/wp\/v2\/pages\/197\/revisions"}],"predecessor-version":[{"id":2336,"href":"https:\/\/www.breitenfeld-wt.de\/index.php?rest_route=\/wp\/v2\/pages\/197\/revisions\/2336"}],"up":[{"embeddable":true,"href":"https:\/\/www.breitenfeld-wt.de\/index.php?rest_route=\/wp\/v2\/pages\/101"}],"wp:attachment":[{"href":"https:\/\/www.breitenfeld-wt.de\/index.php?rest_route=%2Fwp%2Fv2%2Fmedia&parent=197"}],"curies":[{"name":"wp","href":"https:\/\/api.w.org\/{rel}","templated":true}]}}