{"id":1969,"date":"2023-11-12T12:10:46","date_gmt":"2023-11-12T12:10:46","guid":{"rendered":"http:\/\/www.breitenfeld-wt.de\/?page_id=1969"},"modified":"2024-01-05T14:51:45","modified_gmt":"2024-01-05T14:51:45","slug":"wegwarte","status":"publish","type":"page","link":"https:\/\/www.breitenfeld-wt.de\/?page_id=1969","title":{"rendered":"Wegwarte"},"content":{"rendered":"\n<p>Unsere Wegwarte k\u00fcmmern sich um alles rund um die Wege, Wegweiser und auch Ruhem\u00f6glichkeiten. Sie r\u00e4umen nicht nur im Winter den Schnee von den Stra\u00dfen und Gehwegen, sondern auch das Laub im Herbst. Die B\u00e4nke werden von ihnen abgebaut, saniert und nach dem Winter wieder aufgebaut. So bleibt das Erscheinungsbild von Breitenfeld immer freundlich und aufger\u00e4umt und l\u00e4dt nicht nur die Einwohner zum Verweilen ein.<\/p>\n\n\n\n<p>Wir danken unseren flei\u00dfigen Helfern sehr f\u00fcr ihr Engagement.<\/p>\n\n\n\n<figure class=\"wp-block-image size-large\"><a href=\"http:\/\/www.breitenfeld-wt.de\/wordpress\/wp-content\/uploads\/2024\/01\/Wegwarte-Breitenfeld-002.jpg\"><img loading=\"lazy\" decoding=\"async\" width=\"1024\" height=\"768\" src=\"http:\/\/www.breitenfeld-wt.de\/wordpress\/wp-content\/uploads\/2024\/01\/Wegwarte-Breitenfeld-002-1024x768.jpg\" alt=\"\" class=\"wp-image-2328\" srcset=\"https:\/\/www.breitenfeld-wt.de\/wordpress\/wp-content\/uploads\/2024\/01\/Wegwarte-Breitenfeld-002-1024x768.jpg 1024w, https:\/\/www.breitenfeld-wt.de\/wordpress\/wp-content\/uploads\/2024\/01\/Wegwarte-Breitenfeld-002-300x225.jpg 300w, https:\/\/www.breitenfeld-wt.de\/wordpress\/wp-content\/uploads\/2024\/01\/Wegwarte-Breitenfeld-002-768x576.jpg 768w, https:\/\/www.breitenfeld-wt.de\/wordpress\/wp-content\/uploads\/2024\/01\/Wegwarte-Breitenfeld-002-1536x1152.jpg 1536w, https:\/\/www.breitenfeld-wt.de\/wordpress\/wp-content\/uploads\/2024\/01\/Wegwarte-Breitenfeld-002-900x675.jpg 900w, https:\/\/www.breitenfeld-wt.de\/wordpress\/wp-content\/uploads\/2024\/01\/Wegwarte-Breitenfeld-002-1280x960.jpg 1280w, https:\/\/www.breitenfeld-wt.de\/wordpress\/wp-content\/uploads\/2024\/01\/Wegwarte-Breitenfeld-002.jpg 2048w\" sizes=\"auto, (max-width: 1024px) 100vw, 1024px\" \/><\/a><\/figure>\n\n\n\n<p class=\"has-small-font-size\"><em>(von l. nach r.) Noah Maier, Elias Erlemann, Simon Jehle und Werner Kaiser. <\/em><\/p>\n","protected":false},"excerpt":{"rendered":"<p>Unsere Wegwarte k\u00fcmmern sich um alles rund um die Wege, Wegweiser und auch Ruhem\u00f6glichkeiten. Sie r\u00e4umen nicht nur im Winter den Schnee von den Stra\u00dfen und Gehwegen, sondern auch das Laub im Herbst. Die B\u00e4nke werden von ihnen abgebaut, saniert und nach dem Winter wieder aufgebaut. So bleibt das Erscheinungsbild von Breitenfeld immer freundlich und [&hellip;]<\/p>\n","protected":false},"author":1,"featured_media":0,"parent":1954,"menu_order":4,"comment_status":"closed","ping_status":"closed","template":"","meta":{"ngg_post_thumbnail":0,"footnotes":""},"class_list":["post-1969","page","type-page","status-publish","hentry"],"aioseo_notices":[],"_links":{"self":[{"href":"https:\/\/www.breitenfeld-wt.de\/index.php?rest_route=\/wp\/v2\/pages\/1969","targetHints":{"allow":["GET"]}}],"collection":[{"href":"https:\/\/www.breitenfeld-wt.de\/index.php?rest_route=\/wp\/v2\/pages"}],"about":[{"href":"https:\/\/www.breitenfeld-wt.de\/index.php?rest_route=\/wp\/v2\/types\/page"}],"author":[{"embeddable":true,"href":"https:\/\/www.breitenfeld-wt.de\/index.php?rest_route=\/wp\/v2\/users\/1"}],"replies":[{"embeddable":true,"href":"https:\/\/www.breitenfeld-wt.de\/index.php?rest_route=%2Fwp%2Fv2%2Fcomments&post=1969"}],"version-history":[{"count":4,"href":"https:\/\/www.breitenfeld-wt.de\/index.php?rest_route=\/wp\/v2\/pages\/1969\/revisions"}],"predecessor-version":[{"id":2331,"href":"https:\/\/www.breitenfeld-wt.de\/index.php?rest_route=\/wp\/v2\/pages\/1969\/revisions\/2331"}],"up":[{"embeddable":true,"href":"https:\/\/www.breitenfeld-wt.de\/index.php?rest_route=\/wp\/v2\/pages\/1954"}],"wp:attachment":[{"href":"https:\/\/www.breitenfeld-wt.de\/index.php?rest_route=%2Fwp%2Fv2%2Fmedia&parent=1969"}],"curies":[{"name":"wp","href":"https:\/\/api.w.org\/{rel}","templated":true}]}}