{"id":123,"date":"2009-08-11T11:01:00","date_gmt":"2009-08-11T10:01:00","guid":{"rendered":"http:\/\/www.breitenfeld-wt.de\/wordpress\/?page_id=123"},"modified":"2023-11-12T12:05:11","modified_gmt":"2023-11-12T12:05:11","slug":"bildergalerie","status":"publish","type":"page","link":"https:\/\/www.breitenfeld-wt.de\/?page_id=123","title":{"rendered":"Bildergalerie"},"content":{"rendered":"<p>ngg_shortcode_0_placeholder<br \/>\nDie Aufnahmen, welche Sie unter der Rubrik Bildergalerie finden,<br \/>\nwurde von Nancy Sharpe und Markus J\u00e4ger gemacht<br \/>\nund f\u00fcr die Ver\u00f6ffentlichung zur Verf\u00fcgung gestellt.<\/p>\n<p>Liebe Breitenfelder, wenn Ihr Bilder habt, die auf der Homepage<br \/>\nver\u00f6ffentlicht werden sollen, so wendet euch bitte an Nancy Sharpe.<\/p>\n<p>VIEL SPA\u00df BEIM ANSCHAUEN !!<\/p>\n","protected":false},"excerpt":{"rendered":"<p>Die Aufnahmen, welche Sie unter der Rubrik Bildergalerie finden, wurde von Nancy Sharpe und Markus J\u00e4ger gemacht und f\u00fcr die Ver\u00f6ffentlichung zur Verf\u00fcgung gestellt. Liebe Breitenfelder, wenn Ihr Bilder habt, die auf der Homepage ver\u00f6ffentlicht werden sollen, so wendet euch bitte an Nancy Sharpe. VIEL SPA\u00df BEIM ANSCHAUEN !!<\/p>\n","protected":false},"author":1,"featured_media":0,"parent":0,"menu_order":4,"comment_status":"closed","ping_status":"closed","template":"","meta":{"ngg_post_thumbnail":0,"footnotes":""},"class_list":["post-123","page","type-page","status-publish","hentry"],"aioseo_notices":[],"_links":{"self":[{"href":"https:\/\/www.breitenfeld-wt.de\/index.php?rest_route=\/wp\/v2\/pages\/123","targetHints":{"allow":["GET"]}}],"collection":[{"href":"https:\/\/www.breitenfeld-wt.de\/index.php?rest_route=\/wp\/v2\/pages"}],"about":[{"href":"https:\/\/www.breitenfeld-wt.de\/index.php?rest_route=\/wp\/v2\/types\/page"}],"author":[{"embeddable":true,"href":"https:\/\/www.breitenfeld-wt.de\/index.php?rest_route=\/wp\/v2\/users\/1"}],"replies":[{"embeddable":true,"href":"https:\/\/www.breitenfeld-wt.de\/index.php?rest_route=%2Fwp%2Fv2%2Fcomments&post=123"}],"version-history":[{"count":5,"href":"https:\/\/www.breitenfeld-wt.de\/index.php?rest_route=\/wp\/v2\/pages\/123\/revisions"}],"predecessor-version":[{"id":874,"href":"https:\/\/www.breitenfeld-wt.de\/index.php?rest_route=\/wp\/v2\/pages\/123\/revisions\/874"}],"wp:attachment":[{"href":"https:\/\/www.breitenfeld-wt.de\/index.php?rest_route=%2Fwp%2Fv2%2Fmedia&parent=123"}],"curies":[{"name":"wp","href":"https:\/\/api.w.org\/{rel}","templated":true}]}}