{"id":110,"date":"2009-08-11T10:57:45","date_gmt":"2009-08-11T09:57:45","guid":{"rendered":"http:\/\/www.breitenfeld-wt.de\/wordpress\/?page_id=110"},"modified":"2024-10-02T16:11:48","modified_gmt":"2024-10-02T16:11:48","slug":"freie-landfrauen","status":"publish","type":"page","link":"https:\/\/www.breitenfeld-wt.de\/?page_id=110","title":{"rendered":"Landfrauen Breitenfeld"},"content":{"rendered":"<div class=\"wp-block-image\">\n<figure class=\"aligncenter size-full is-resized\"><a href=\"http:\/\/www.breitenfeld-wt.de\/wordpress\/wp-content\/uploads\/2024\/10\/Kopie-von-White-Black-Simple-Illustrated-Ceramics-Pottery-Circle-Logo-Logo-1.png\"><img loading=\"lazy\" decoding=\"async\" width=\"500\" height=\"500\" src=\"http:\/\/www.breitenfeld-wt.de\/wordpress\/wp-content\/uploads\/2024\/10\/Kopie-von-White-Black-Simple-Illustrated-Ceramics-Pottery-Circle-Logo-Logo-1.png\" alt=\"\" class=\"wp-image-2469\" style=\"width:200px;height:auto\" srcset=\"https:\/\/www.breitenfeld-wt.de\/wordpress\/wp-content\/uploads\/2024\/10\/Kopie-von-White-Black-Simple-Illustrated-Ceramics-Pottery-Circle-Logo-Logo-1.png 500w, https:\/\/www.breitenfeld-wt.de\/wordpress\/wp-content\/uploads\/2024\/10\/Kopie-von-White-Black-Simple-Illustrated-Ceramics-Pottery-Circle-Logo-Logo-1-300x300.png 300w, https:\/\/www.breitenfeld-wt.de\/wordpress\/wp-content\/uploads\/2024\/10\/Kopie-von-White-Black-Simple-Illustrated-Ceramics-Pottery-Circle-Logo-Logo-1-150x150.png 150w, https:\/\/www.breitenfeld-wt.de\/wordpress\/wp-content\/uploads\/2024\/10\/Kopie-von-White-Black-Simple-Illustrated-Ceramics-Pottery-Circle-Logo-Logo-1-88x88.png 88w\" sizes=\"auto, (max-width: 500px) 100vw, 500px\" \/><\/a><\/figure>\n<\/div>\n\n\n<p>Gr\u00fcndungsgeschichte<\/p>\n\n\n\n<p>Im Januar 1995 trafen sich erstmals 16 Frauen aus Breitenfeld, um \u00fcber die Gr\u00fcndung eines Vereins zu sprechen. Es fanden weitere Treffen und gemeinsame Unternehmungen statt.<\/p>\n\n\n\n<p>Am 29.05.1995 wurde dann mit siebzehn&nbsp; Frauen der Landfrauenverein Breitenfeld gegr\u00fcndet. Die Aufnahme in den Bezirk erfolgte damals \u00fcber den Vorsitz des Bezirks St\u00fchlingen. Die Beteiligung im Landfrauenverband fand im Dorf gro\u00dfen Zuspruch und es kamen in den darauffolgenden Tagen weitere sechs Teilnehmerinnen hinzu.<\/p>\n\n\n\n<figure class=\"wp-block-image size-large\"><a href=\"http:\/\/www.breitenfeld-wt.de\/wordpress\/wp-content\/uploads\/2024\/10\/IMG_4817-scaled.jpg\"><img loading=\"lazy\" decoding=\"async\" width=\"768\" height=\"1024\" src=\"http:\/\/www.breitenfeld-wt.de\/wordpress\/wp-content\/uploads\/2024\/10\/IMG_4817-768x1024.jpg\" alt=\"\" class=\"wp-image-2470\" srcset=\"https:\/\/www.breitenfeld-wt.de\/wordpress\/wp-content\/uploads\/2024\/10\/IMG_4817-768x1024.jpg 768w, https:\/\/www.breitenfeld-wt.de\/wordpress\/wp-content\/uploads\/2024\/10\/IMG_4817-225x300.jpg 225w, https:\/\/www.breitenfeld-wt.de\/wordpress\/wp-content\/uploads\/2024\/10\/IMG_4817-1152x1536.jpg 1152w, https:\/\/www.breitenfeld-wt.de\/wordpress\/wp-content\/uploads\/2024\/10\/IMG_4817-1536x2048.jpg 1536w, https:\/\/www.breitenfeld-wt.de\/wordpress\/wp-content\/uploads\/2024\/10\/IMG_4817-900x1200.jpg 900w, https:\/\/www.breitenfeld-wt.de\/wordpress\/wp-content\/uploads\/2024\/10\/IMG_4817-1280x1707.jpg 1280w, https:\/\/www.breitenfeld-wt.de\/wordpress\/wp-content\/uploads\/2024\/10\/IMG_4817-scaled.jpg 1920w\" sizes=\"auto, (max-width: 768px) 100vw, 768px\" \/><\/a><\/figure>\n\n\n\n<p> <span style=\"font-size: revert;\">1997&nbsp;traten die Landfrauen aus dem Verband aus und nennen sich seither Freie Landfrauen Breitenfeld.<\/span> <\/p>\n\n\n\n<h6 class=\"wp-block-heading\"><span style=\"text-decoration: underline;\">Mitgliederstand 1.10.2024<br><\/span>27 aktive Mitglieder, 1 passiv Mitglied und 4 Ehrenmitglieder<\/h6>\n\n\n\n<p class=\"has-text-align-left\">Wir Landfrauen k\u00fcmmern uns nicht nur um die Blumenbeete, sondern wir helfen das Dorfleben spannend zu machen (Dorfhock, Serenade, Punschabend und vieles mehr). Gemeinsamer Brunch, Jassabende, Ausfl\u00fcge oder Wanderungen bringen Spa\u00df im Verein.<\/p>\n\n\n\n<figure class=\"wp-block-image size-large\"><a href=\"http:\/\/www.breitenfeld-wt.de\/wordpress\/wp-content\/uploads\/2024\/10\/IMG_4798-scaled.jpg\"><img loading=\"lazy\" decoding=\"async\" width=\"1024\" height=\"768\" src=\"http:\/\/www.breitenfeld-wt.de\/wordpress\/wp-content\/uploads\/2024\/10\/IMG_4798-1024x768.jpg\" alt=\"\" class=\"wp-image-2471\" srcset=\"https:\/\/www.breitenfeld-wt.de\/wordpress\/wp-content\/uploads\/2024\/10\/IMG_4798-1024x768.jpg 1024w, https:\/\/www.breitenfeld-wt.de\/wordpress\/wp-content\/uploads\/2024\/10\/IMG_4798-300x225.jpg 300w, https:\/\/www.breitenfeld-wt.de\/wordpress\/wp-content\/uploads\/2024\/10\/IMG_4798-768x576.jpg 768w, https:\/\/www.breitenfeld-wt.de\/wordpress\/wp-content\/uploads\/2024\/10\/IMG_4798-1536x1152.jpg 1536w, https:\/\/www.breitenfeld-wt.de\/wordpress\/wp-content\/uploads\/2024\/10\/IMG_4798-2048x1536.jpg 2048w, https:\/\/www.breitenfeld-wt.de\/wordpress\/wp-content\/uploads\/2024\/10\/IMG_4798-900x675.jpg 900w, https:\/\/www.breitenfeld-wt.de\/wordpress\/wp-content\/uploads\/2024\/10\/IMG_4798-1280x960.jpg 1280w\" sizes=\"auto, (max-width: 1024px) 100vw, 1024px\" \/><\/a><\/figure>\n\n\n\n<p>Neue Mitglieder sind jederzeit herzlich willkommen. <\/p>\n\n\n\n<p class=\"has-text-align-left\"><strong>Vorsitzende (3er Team):<\/strong> Birgit Becker, Vera Giebels und Stefanie Baschnagel<br><strong>Kassiererin: <\/strong>Samira Putze<br><strong>Schriftf\u00fchrerin:<\/strong> Rieke Landman<br><strong>Beisitzerin: <\/strong>Elena Roth<\/p>\n","protected":false},"excerpt":{"rendered":"<p>Gr\u00fcndungsgeschichte Im Januar 1995 trafen sich erstmals 16 Frauen aus Breitenfeld, um \u00fcber die Gr\u00fcndung eines Vereins zu sprechen. Es fanden weitere Treffen und gemeinsame Unternehmungen statt. Am 29.05.1995 wurde dann mit siebzehn&nbsp; Frauen der Landfrauenverein Breitenfeld gegr\u00fcndet. Die Aufnahme in den Bezirk erfolgte damals \u00fcber den Vorsitz des Bezirks St\u00fchlingen. Die Beteiligung im Landfrauenverband [&hellip;]<\/p>\n","protected":false},"author":7,"featured_media":0,"parent":107,"menu_order":13,"comment_status":"closed","ping_status":"closed","template":"","meta":{"ngg_post_thumbnail":0,"footnotes":""},"class_list":["post-110","page","type-page","status-publish","hentry"],"aioseo_notices":[],"_links":{"self":[{"href":"https:\/\/www.breitenfeld-wt.de\/index.php?rest_route=\/wp\/v2\/pages\/110","targetHints":{"allow":["GET"]}}],"collection":[{"href":"https:\/\/www.breitenfeld-wt.de\/index.php?rest_route=\/wp\/v2\/pages"}],"about":[{"href":"https:\/\/www.breitenfeld-wt.de\/index.php?rest_route=\/wp\/v2\/types\/page"}],"author":[{"embeddable":true,"href":"https:\/\/www.breitenfeld-wt.de\/index.php?rest_route=\/wp\/v2\/users\/7"}],"replies":[{"embeddable":true,"href":"https:\/\/www.breitenfeld-wt.de\/index.php?rest_route=%2Fwp%2Fv2%2Fcomments&post=110"}],"version-history":[{"count":45,"href":"https:\/\/www.breitenfeld-wt.de\/index.php?rest_route=\/wp\/v2\/pages\/110\/revisions"}],"predecessor-version":[{"id":2472,"href":"https:\/\/www.breitenfeld-wt.de\/index.php?rest_route=\/wp\/v2\/pages\/110\/revisions\/2472"}],"up":[{"embeddable":true,"href":"https:\/\/www.breitenfeld-wt.de\/index.php?rest_route=\/wp\/v2\/pages\/107"}],"wp:attachment":[{"href":"https:\/\/www.breitenfeld-wt.de\/index.php?rest_route=%2Fwp%2Fv2%2Fmedia&parent=110"}],"curies":[{"name":"wp","href":"https:\/\/api.w.org\/{rel}","templated":true}]}}