{"id":764,"date":"2012-09-26T19:19:56","date_gmt":"2012-09-26T19:19:56","guid":{"rendered":"http:\/\/www.breitenfeld-wt.de\/?page_id=764"},"modified":"2024-01-05T15:01:02","modified_gmt":"2024-01-05T15:01:02","slug":"mitfahrhaltestelle","status":"publish","type":"page","link":"http:\/\/www.breitenfeld-wt.de\/?page_id=764","title":{"rendered":"Mitfahrhaltestelle"},"content":{"rendered":"<p style=\"text-align: center;\"><strong><a href=\"http:\/\/www.breitenfeld-wt.de\/wordpress\/wp-content\/uploads\/2012\/09\/schild.jpg\"><img loading=\"lazy\" decoding=\"async\" class=\"size-medium wp-image-766 alignleft\" title=\"schild\" src=\"http:\/\/www.breitenfeld-wt.de\/wordpress\/wp-content\/uploads\/2012\/09\/schild-300x225.jpg\" alt=\"\" width=\"216\" height=\"162\" srcset=\"http:\/\/www.breitenfeld-wt.de\/wordpress\/wp-content\/uploads\/2012\/09\/schild-300x225.jpg 300w, http:\/\/www.breitenfeld-wt.de\/wordpress\/wp-content\/uploads\/2012\/09\/schild.jpg 640w\" sizes=\"auto, (max-width: 216px) 100vw, 216px\" \/><\/a><\/strong><\/p>\n<p>&nbsp;<\/p>\n<p><strong><br \/>\nWas ist eine Mitfahrhaltestelle?<\/strong><br \/>\nWer den Wunsch hat f\u00fcr die Strecke Breitenfeld \u2013 Tiengen oder umgekehrt in einem Privatauto mitgenommen zu werden, stellt sich an eine der eingerichteten Mitfahrhaltestellen.<\/p>\n<p>Diese ist in Breitenfeld durch ein wei\u00dfes Schild \u201eMitfahrhaltestelle<br \/>\nnach Tiengen\u201c und in Tiengen durch ein wei\u00dfes Schild<br \/>\n\u201eMitfahrhaltestelle nach Breitenfeld\u201c gekennzeichnet.<\/p>\n<p><strong>Wo befinden sich die Mitfahrhaltestellen?<\/strong><br \/>\nDie Mitfahrhaltestelle nach Tiengen befindet sich in Breitenfeld<br \/>\nam Ortsausgang in Richtung Tiengen bei der Stra\u00dfenlaterne<br \/>\nneben den Wohnhaus Nr. 63.<\/p>\n<p>Die Mitfahrhaltestelle nach Breitenfeld befindet sich in Tiengen<br \/>\nin der Breitenfelder Stra\u00dfe bei der Stra\u00dfenlaterne \u00f6stlich des<br \/>\nPenny-Marktes Tiengen.<\/p>\n<p><strong>Wie funktioniert eine solche Mitfahrhaltestelle?<\/strong><br \/>\nDer Wartende an einer Mitfahrhaltestelle signalisiert den<br \/>\nvorbeifahrenden Autofahrern, dass er gerne f\u00fcr die Strecke<br \/>\nBreitenfeld \u2013 Tiengen oder Tiengen &#8211; Breitenfeld eine<br \/>\nMitfahrgelegenheit sucht. Vorbeifahrende Autofahrer mit<br \/>\nnoch freien Sitzpl\u00e4tzen k\u00f6nnen anhalten und die wartende<br \/>\nPerson mitnehmen.<\/p>\n<p><strong>Was ist zu beachten?<\/strong><br \/>\nDie Mitnahme beruht auf Freiwilligkeit und Eigenverantwortlichkeit.<\/p>\n<p>Eine Mitfahrerversicherung oder Fahrerversicherung seitens<br \/>\nder Kommune gibt es nicht.<\/p>\n<p><strong>Woher kam die Idee und warum wurde sie umgesetzt?<\/strong><\/p>\n<p>Das Einrichten der Mitfahrhaltestellen war ein Vorschlag der<br \/>\nBreitenfelder B\u00fcrgerumfrage im Jahr 2012, der Ortschaftsrat Breitenfeld<br \/>\ndem Vorschlag einstimmig zu.<br \/>\nSpeziell in der Ferienzeit und an den Wochenenden besteht keine, bzw. keine gute Verbindung zwischen Breitenfeld und Tiengen.<br \/>\n\u00c4ltere Menschen und Sch\u00fcler, die nicht sehr mobil sind, haben so<br \/>\ndie M\u00f6glichkeit von privaten Autofahrern mitgenommen zu werden.<\/p>\n<p>Wir hoffen, dass die Mitfahrhaltestellen gut angenommen werden und<br \/>\ndie Erreichbarkeit zwischen Tiengen und Breitenfeld verbessert wird.<\/p>\n","protected":false},"excerpt":{"rendered":"<p>&nbsp; Was ist eine Mitfahrhaltestelle? Wer den Wunsch hat f\u00fcr die Strecke Breitenfeld \u2013 Tiengen oder umgekehrt in einem Privatauto mitgenommen zu werden, stellt sich an eine der eingerichteten Mitfahrhaltestellen. Diese ist in Breitenfeld durch ein wei\u00dfes Schild \u201eMitfahrhaltestelle nach Tiengen\u201c und in Tiengen durch ein wei\u00dfes Schild \u201eMitfahrhaltestelle nach Breitenfeld\u201c gekennzeichnet. Wo befinden sich [&hellip;]<\/p>\n","protected":false},"author":1,"featured_media":0,"parent":101,"menu_order":3,"comment_status":"closed","ping_status":"closed","template":"","meta":{"ngg_post_thumbnail":0,"footnotes":""},"class_list":["post-764","page","type-page","status-publish","hentry"],"aioseo_notices":[],"_links":{"self":[{"href":"http:\/\/www.breitenfeld-wt.de\/index.php?rest_route=\/wp\/v2\/pages\/764","targetHints":{"allow":["GET"]}}],"collection":[{"href":"http:\/\/www.breitenfeld-wt.de\/index.php?rest_route=\/wp\/v2\/pages"}],"about":[{"href":"http:\/\/www.breitenfeld-wt.de\/index.php?rest_route=\/wp\/v2\/types\/page"}],"author":[{"embeddable":true,"href":"http:\/\/www.breitenfeld-wt.de\/index.php?rest_route=\/wp\/v2\/users\/1"}],"replies":[{"embeddable":true,"href":"http:\/\/www.breitenfeld-wt.de\/index.php?rest_route=%2Fwp%2Fv2%2Fcomments&post=764"}],"version-history":[{"count":11,"href":"http:\/\/www.breitenfeld-wt.de\/index.php?rest_route=\/wp\/v2\/pages\/764\/revisions"}],"predecessor-version":[{"id":2333,"href":"http:\/\/www.breitenfeld-wt.de\/index.php?rest_route=\/wp\/v2\/pages\/764\/revisions\/2333"}],"up":[{"embeddable":true,"href":"http:\/\/www.breitenfeld-wt.de\/index.php?rest_route=\/wp\/v2\/pages\/101"}],"wp:attachment":[{"href":"http:\/\/www.breitenfeld-wt.de\/index.php?rest_route=%2Fwp%2Fv2%2Fmedia&parent=764"}],"curies":[{"name":"wp","href":"https:\/\/api.w.org\/{rel}","templated":true}]}}