{"id":2377,"date":"2024-04-19T10:47:05","date_gmt":"2024-04-19T10:47:05","guid":{"rendered":"http:\/\/www.breitenfeld-wt.de\/?page_id=2377"},"modified":"2024-04-19T10:47:05","modified_gmt":"2024-04-19T10:47:05","slug":"dorfverein-breitenfeld","status":"publish","type":"page","link":"http:\/\/www.breitenfeld-wt.de\/?page_id=2377","title":{"rendered":"Dorfverein Breitenfeld"},"content":{"rendered":"<div class=\"wp-block-image\">\n<figure class=\"aligncenter size-large is-resized\"><a href=\"http:\/\/www.breitenfeld-wt.de\/wordpress\/wp-content\/uploads\/2024\/04\/Dorfverein-Breitenfeld-e.V.-schwarz-002.png\"><img loading=\"lazy\" decoding=\"async\" width=\"1024\" height=\"250\" src=\"http:\/\/www.breitenfeld-wt.de\/wordpress\/wp-content\/uploads\/2024\/04\/Dorfverein-Breitenfeld-e.V.-schwarz-002-1024x250.png\" alt=\"\" class=\"wp-image-2378\" style=\"width:306px;height:auto\" srcset=\"http:\/\/www.breitenfeld-wt.de\/wordpress\/wp-content\/uploads\/2024\/04\/Dorfverein-Breitenfeld-e.V.-schwarz-002-1024x250.png 1024w, http:\/\/www.breitenfeld-wt.de\/wordpress\/wp-content\/uploads\/2024\/04\/Dorfverein-Breitenfeld-e.V.-schwarz-002-300x73.png 300w, http:\/\/www.breitenfeld-wt.de\/wordpress\/wp-content\/uploads\/2024\/04\/Dorfverein-Breitenfeld-e.V.-schwarz-002-768x188.png 768w, http:\/\/www.breitenfeld-wt.de\/wordpress\/wp-content\/uploads\/2024\/04\/Dorfverein-Breitenfeld-e.V.-schwarz-002-1536x376.png 1536w, http:\/\/www.breitenfeld-wt.de\/wordpress\/wp-content\/uploads\/2024\/04\/Dorfverein-Breitenfeld-e.V.-schwarz-002-2048x501.png 2048w, http:\/\/www.breitenfeld-wt.de\/wordpress\/wp-content\/uploads\/2024\/04\/Dorfverein-Breitenfeld-e.V.-schwarz-002-900x220.png 900w, http:\/\/www.breitenfeld-wt.de\/wordpress\/wp-content\/uploads\/2024\/04\/Dorfverein-Breitenfeld-e.V.-schwarz-002-1280x313.png 1280w\" sizes=\"auto, (max-width: 1024px) 100vw, 1024px\" \/><\/a><\/figure>\n<\/div>\n\n\n<p>Wir Jugendliche aus Breitenfeld haben nicht nur die nachbarschaftliche Bindung genutzt, sondern auch die Freundschaft, um einen neuen Verein in unserem kleinen Dorf zu gr\u00fcnden.<\/p>\n\n\n\n<p>Am 09.07.2023 wurde der Dorfverein Breitenfeld mit 12 Gr\u00fcndungsmitgliedern ins Leben gerufen. Seit August 2023 sind wir offiziell als gemeinn\u00fctziger und eingetragener Verein anerkannt und tragen nun den Zusatz &#8222;e.V.&#8220; hinter unserem Namen.<\/p>\n\n\n\n<p>Am 24.03.2024 z\u00e4hlen wir 18 aktive Mitglieder und 4 passive Mitglieder zu unserem Verein.<\/p>\n\n\n\n<p>Der Dorfverein Breitenfeld e.V. engagiert sich nicht nur in der Organisation von verschiedenen Veranstaltungen, sondern setzt sich auch aktiv f\u00fcr die St\u00e4rkung der Gemeinschaft und Freundschaft durch soziale Projekte und Aktivit\u00e4ten im Dorf ein. Zu diesem Zweck geh\u00f6ren zum Beispiel auch Ausfl\u00fcge und regelm\u00e4\u00dfige Stammtische, die es erm\u00f6glichen, aktuelle Punkte zu diskutieren und zu besprechen.<\/p>\n\n\n\n<p>Wir hei\u00dfen jedes neue Mitglied herzlich willkommen und freuen uns \u00fcber jede Unterst\u00fctzung.<\/p>\n\n\n\n<figure class=\"wp-block-image size-large\"><a href=\"http:\/\/www.breitenfeld-wt.de\/wordpress\/wp-content\/uploads\/2024\/04\/vorstandschaft-dorfverein-breitenfeld-e.v.-2024-1-scaled.jpg\"><img loading=\"lazy\" decoding=\"async\" width=\"1024\" height=\"771\" src=\"http:\/\/www.breitenfeld-wt.de\/wordpress\/wp-content\/uploads\/2024\/04\/vorstandschaft-dorfverein-breitenfeld-e.v.-2024-1-1024x771.jpg\" alt=\"\" class=\"wp-image-2379\" srcset=\"http:\/\/www.breitenfeld-wt.de\/wordpress\/wp-content\/uploads\/2024\/04\/vorstandschaft-dorfverein-breitenfeld-e.v.-2024-1-1024x771.jpg 1024w, http:\/\/www.breitenfeld-wt.de\/wordpress\/wp-content\/uploads\/2024\/04\/vorstandschaft-dorfverein-breitenfeld-e.v.-2024-1-300x226.jpg 300w, http:\/\/www.breitenfeld-wt.de\/wordpress\/wp-content\/uploads\/2024\/04\/vorstandschaft-dorfverein-breitenfeld-e.v.-2024-1-768x578.jpg 768w, http:\/\/www.breitenfeld-wt.de\/wordpress\/wp-content\/uploads\/2024\/04\/vorstandschaft-dorfverein-breitenfeld-e.v.-2024-1-1536x1156.jpg 1536w, http:\/\/www.breitenfeld-wt.de\/wordpress\/wp-content\/uploads\/2024\/04\/vorstandschaft-dorfverein-breitenfeld-e.v.-2024-1-2048x1542.jpg 2048w, http:\/\/www.breitenfeld-wt.de\/wordpress\/wp-content\/uploads\/2024\/04\/vorstandschaft-dorfverein-breitenfeld-e.v.-2024-1-900x677.jpg 900w, http:\/\/www.breitenfeld-wt.de\/wordpress\/wp-content\/uploads\/2024\/04\/vorstandschaft-dorfverein-breitenfeld-e.v.-2024-1-1280x963.jpg 1280w\" sizes=\"auto, (max-width: 1024px) 100vw, 1024px\" \/><\/a><\/figure>\n\n\n\n<p>Vorsitzende (3er Team): Elias Erlemann, Pedro Coelho, Bernd Baschnagel\u00a0 \u2028Kassierer:                           Rafael Coelho \u2028                                                                       Schriftf\u00fchrer:                     Simon Jehle<\/p>\n","protected":false},"excerpt":{"rendered":"<p>Wir Jugendliche aus Breitenfeld haben nicht nur die nachbarschaftliche Bindung genutzt, sondern auch die Freundschaft, um einen neuen Verein in unserem kleinen Dorf zu gr\u00fcnden. Am 09.07.2023 wurde der Dorfverein Breitenfeld mit 12 Gr\u00fcndungsmitgliedern ins Leben gerufen. Seit August 2023 sind wir offiziell als gemeinn\u00fctziger und eingetragener Verein anerkannt und tragen nun den Zusatz &#8222;e.V.&#8220; [&hellip;]<\/p>\n","protected":false},"author":7,"featured_media":0,"parent":107,"menu_order":0,"comment_status":"closed","ping_status":"closed","template":"","meta":{"ngg_post_thumbnail":0,"footnotes":""},"class_list":["post-2377","page","type-page","status-publish","hentry"],"aioseo_notices":[],"_links":{"self":[{"href":"http:\/\/www.breitenfeld-wt.de\/index.php?rest_route=\/wp\/v2\/pages\/2377","targetHints":{"allow":["GET"]}}],"collection":[{"href":"http:\/\/www.breitenfeld-wt.de\/index.php?rest_route=\/wp\/v2\/pages"}],"about":[{"href":"http:\/\/www.breitenfeld-wt.de\/index.php?rest_route=\/wp\/v2\/types\/page"}],"author":[{"embeddable":true,"href":"http:\/\/www.breitenfeld-wt.de\/index.php?rest_route=\/wp\/v2\/users\/7"}],"replies":[{"embeddable":true,"href":"http:\/\/www.breitenfeld-wt.de\/index.php?rest_route=%2Fwp%2Fv2%2Fcomments&post=2377"}],"version-history":[{"count":1,"href":"http:\/\/www.breitenfeld-wt.de\/index.php?rest_route=\/wp\/v2\/pages\/2377\/revisions"}],"predecessor-version":[{"id":2380,"href":"http:\/\/www.breitenfeld-wt.de\/index.php?rest_route=\/wp\/v2\/pages\/2377\/revisions\/2380"}],"up":[{"embeddable":true,"href":"http:\/\/www.breitenfeld-wt.de\/index.php?rest_route=\/wp\/v2\/pages\/107"}],"wp:attachment":[{"href":"http:\/\/www.breitenfeld-wt.de\/index.php?rest_route=%2Fwp%2Fv2%2Fmedia&parent=2377"}],"curies":[{"name":"wp","href":"https:\/\/api.w.org\/{rel}","templated":true}]}}